{"id":6373,"date":"2024-04-09T11:01:05","date_gmt":"2024-04-09T09:01:05","guid":{"rendered":"https:\/\/tankoano.net\/index.php\/panier\/"},"modified":"2024-04-15T20:02:58","modified_gmt":"2024-04-15T18:02:58","slug":"panier","status":"publish","type":"page","link":"https:\/\/tankoano.net\/?page_id=6373","title":{"rendered":"Panier"},"content":{"rendered":"\t\t<div data-elementor-type=\"wp-page\" data-elementor-id=\"6373\" class=\"elementor elementor-6373\" data-elementor-post-type=\"page\">\n\t\t\t\t<div class=\"elementor-element elementor-element-3b77bde1 e-flex e-con-boxed e-con e-parent\" data-id=\"3b77bde1\" data-element_type=\"container\">\n\t\t\t\t\t<div class=\"e-con-inner\">\n\t\t\t\t<div class=\"elementor-element elementor-element-3c1c48f8 elementor-widget elementor-widget-text-editor\" data-id=\"3c1c48f8\" data-element_type=\"widget\" data-widget_type=\"text-editor.default\">\n\t\t\t\t<div class=\"elementor-widget-container\">\n\t\t\t\t\t\t\t<p><!-- wp:woocommerce\/cart --><\/p>\n<div class=\"wp-block-woocommerce-cart alignwide is-loading\">\n<p><!-- wp:woocommerce\/filled-cart-block --><\/p>\n<div class=\"wp-block-woocommerce-filled-cart-block\">\n<p><!-- wp:woocommerce\/cart-items-block --><\/p>\n<div class=\"wp-block-woocommerce-cart-items-block\">\n<p><!-- wp:woocommerce\/cart-line-items-block --><\/p>\n<\/div>\n<div class=\"wp-block-woocommerce-cart-totals-block\">\n<div class=\"wp-block-woocommerce-cart-accepted-payment-methods-block\">\u00a0<\/div>\n<p><!-- \/wp:woocommerce\/cart-accepted-payment-methods-block --><\/p>\n<\/div>\n<p><!-- \/wp:woocommerce\/cart-totals-block --><\/p>\n<\/div>\n<p><!-- \/wp:woocommerce\/filled-cart-block --><\/p>\n<p><!-- wp:woocommerce\/empty-cart-block --><\/p>\n<div class=\"wp-block-woocommerce-empty-cart-block\">\n<p><!-- wp:heading {\"textAlign\":\"center\",\"className\":\"with-empty-cart-icon wc-block-cart__empty-cart__title\"} --><\/p>\n<h2 class=\"wp-block-heading has-text-align-center with-empty-cart-icon wc-block-cart__empty-cart__title\">Votre panier est actuellement vide\u00a0!<\/h2>\n<p><!-- \/wp:heading --><\/p>\n<p><!-- wp:separator {\"className\":\"is-style-dots\"} --><\/p>\n<hr class=\"wp-block-separator has-alpha-channel-opacity is-style-dots\" \/>\n<p><!-- \/wp:separator --><\/p>\n<p><!-- wp:heading {\"textAlign\":\"center\"} --><\/p>\n<h2 class=\"wp-block-heading has-text-align-center\">Nouveau dans la boutique<\/h2>\n<div>\u00a0<\/div>\n<p><!-- \/wp:heading --><\/p>\n<p><!-- wp:woocommerce\/product-new {\"columns\":4,\"rows\":1} \/--><\/p>\n<\/div>\n<p><!-- \/wp:woocommerce\/empty-cart-block --><\/p>\n<\/div>\n<p><!-- \/wp:woocommerce\/cart --><\/p>\t\t\t\t\t\t<\/div>\n\t\t\t\t<\/div>\n\t\t\t\t\t<\/div>\n\t\t\t\t<\/div>\n\t\t<div class=\"elementor-element elementor-element-df336b7 e-flex e-con-boxed e-con e-parent\" data-id=\"df336b7\" data-element_type=\"container\">\n\t\t\t\t\t<div class=\"e-con-inner\">\n\t\t\t\t\t<\/div>\n\t\t\t\t<\/div>\n\t\t<div class=\"elementor-element elementor-element-0d115c3 e-flex e-con-boxed e-con e-parent\" data-id=\"0d115c3\" data-element_type=\"container\">\n\t\t\t\t\t<div class=\"e-con-inner\">\n\t\t<div class=\"elementor-element elementor-element-a878287 e-con-full e-flex e-con e-child\" data-id=\"a878287\" data-element_type=\"container\">\n\t\t\t\t<div class=\"elementor-element elementor-element-946f653 e-my-account-tabs-vertical elementor-widget elementor-widget-woocommerce-my-account\" data-id=\"946f653\" data-element_type=\"widget\" data-widget_type=\"woocommerce-my-account.default\">\n\t\t\t\t<div class=\"elementor-widget-container\">\n\t\t\t<div class=\"e-my-account-tab e-my-account-tab__ \">\t\t\t<div class=\"woocommerce\"><div class=\"woocommerce-notices-wrapper\"><\/div>\n\n\t\t<h2>Login<\/h2>\n\n\t\t<form class=\"woocommerce-form woocommerce-form-login login\" method=\"post\">\n\n\t\t\t\n\t\t\t<p class=\"woocommerce-form-row woocommerce-form-row--wide form-row form-row-wide\">\n\t\t\t\t<label for=\"username\">Username or email address&nbsp;<span class=\"required\" aria-hidden=\"true\">*<\/span><span class=\"screen-reader-text\">Required<\/span><\/label>\n\t\t\t\t<input type=\"text\" class=\"woocommerce-Input woocommerce-Input--text input-text\" name=\"username\" id=\"username\" autocomplete=\"username\" value=\"\" required aria-required=\"true\" \/>\t\t\t<\/p>\n\t\t\t<p class=\"woocommerce-form-row woocommerce-form-row--wide form-row form-row-wide\">\n\t\t\t\t<label for=\"password\">Password&nbsp;<span class=\"required\" aria-hidden=\"true\">*<\/span><span class=\"screen-reader-text\">Required<\/span><\/label>\n\t\t\t\t<input class=\"woocommerce-Input woocommerce-Input--text input-text\" type=\"password\" name=\"password\" id=\"password\" autocomplete=\"current-password\" required aria-required=\"true\" \/>\n\t\t\t<\/p>\n\n\t\t\t\n\t\t\t<p class=\"form-row\">\n\t\t\t\t<label class=\"woocommerce-form__label woocommerce-form__label-for-checkbox woocommerce-form-login__rememberme\">\n\t\t\t\t\t<input class=\"woocommerce-form__input woocommerce-form__input-checkbox\" name=\"rememberme\" type=\"checkbox\" id=\"rememberme\" value=\"forever\" \/> <span>Remember me<\/span>\n\t\t\t\t<\/label>\n\t\t\t\t<input type=\"hidden\" id=\"woocommerce-login-nonce\" name=\"woocommerce-login-nonce\" value=\"caad436e23\" \/><input type=\"hidden\" name=\"_wp_http_referer\" value=\"\/index.php?rest_route=%2Fwp%2Fv2%2Fpages%2F6373\" \/>\t\t\t\t<button type=\"submit\" class=\"woocommerce-button button woocommerce-form-login__submit\" name=\"login\" value=\"Log in\">Log in<\/button>\n\t\t\t<\/p>\n\t\t\t<p class=\"woocommerce-LostPassword lost_password\">\n\t\t\t\t<a href=\"https:\/\/tankoano.net\/?page_id=6373&#038;lost-password\">Lost your password?<\/a>\n\t\t\t<\/p>\n\n\t\t\t\n\t\t<\/form>\n\n\n<\/div>\t\t<\/div>\n\t\t\t\t<\/div>\n\t\t\t\t<\/div>\n\t\t\t\t<\/div>\n\t\t<div class=\"elementor-element elementor-element-38439e0 e-con-full e-flex e-con e-child\" data-id=\"38439e0\" data-element_type=\"container\">\n\t\t\t\t<\/div>\n\t\t<div class=\"elementor-element elementor-element-6851318 e-con-full e-flex e-con e-child\" data-id=\"6851318\" data-element_type=\"container\">\n\t\t\t\t<div class=\"elementor-element elementor-element-3eda2cf arrows-relative-to-box_area icon-box-vertical-align-top img-align-left image-vertical-align-start slide-h-position-left bullets-small-dot-stroke elementor-widget elementor-widget-the7-elements-woo-simple-products-carousel\" data-id=\"3eda2cf\" data-element_type=\"widget\" data-widget_type=\"the7-elements-woo-simple-products-carousel.default\">\n\t\t\t\t<div class=\"elementor-widget-container\">\n\t\t\t<div class=\"\"><div class=\"carousel-nav-display-always   disable-arrows-hover-bg owl-carousel the7-elementor-widget the7-simple-widget-products-carousel elementor-owl-carousel-call loading-effect-none classic-layout-list the7-elements-woo-simple-products-carousel-3eda2cf\" data-scroll-mode=\"1\" data-col-num=\"1\" data-wide-col-num=\"1\" data-laptop-col=\"1\" data-h-tablet-columns-num=\"1\" data-v-tablet-columns-num=\"1\" data-phone-columns-num=\"1\" data-auto-height=\"false\" data-col-gap=\"40\" data-col-gap-tablet=\"\" data-col-gap-mobile=\"\" data-speed=\"600\" data-autoplay=\"false\" data-autoplay_speed=\"\"><article class=\"post visible wrapper post-6511 product type-product status-publish has-post-thumbnail product_cat-tablette description-off first instock sale purchasable product-type-simple\"><div class=\"post-content-wrapper\"><div class=\"the7-simple-post-thumb\"><a class=\"product-thumb layzr-bg img-css-resize-wrapper\" aria-label=\"Product image\" href=\"https:\/\/tankoano.net\/?product=neo-tab-pro-2\"><img fetchpriority=\"high\" decoding=\"async\" width=\"1000\" height=\"1000\" src=\"data:image\/svg+xml,%3Csvg%20xmlns%3D&#039;http%3A%2F%2Fwww.w3.org%2F2000%2Fsvg&#039;%20viewBox%3D&#039;0%200%201000%201000&#039;%2F%3E\" class=\"attachment-full size-full preload-me aspect lazy lazy-load\" alt=\"\" sizes=\"(max-width: 1000px) 100vw, 1000px\" style=\"--ratio: 1000 \/ 1000;\" data-src=\"https:\/\/tankoano.net\/wp-content\/uploads\/2024\/04\/G18-23.jpg\" loading=\"eager\" data-srcset=\"https:\/\/tankoano.net\/wp-content\/uploads\/2024\/04\/G18-23.jpg 1000w, https:\/\/tankoano.net\/wp-content\/uploads\/2024\/04\/G18-23-300x300.jpg 300w, https:\/\/tankoano.net\/wp-content\/uploads\/2024\/04\/G18-23-150x150.jpg 150w, https:\/\/tankoano.net\/wp-content\/uploads\/2024\/04\/G18-23-768x768.jpg 768w, https:\/\/tankoano.net\/wp-content\/uploads\/2024\/04\/G18-23-600x600.jpg 600w, https:\/\/tankoano.net\/wp-content\/uploads\/2024\/04\/G18-23-200x200.jpg 200w\" \/><span class=\"the7-hover-icon\"><\/span><\/a><\/div><div class=\"post-entry-content\"><h4 class=\"heading\"><a href=\"https:\/\/tankoano.net\/?product=neo-tab-pro-2\" class=\"product-title\">Neo Tab Pro 2<\/a><\/h4><span class=\"price\"><del aria-hidden=\"true\"><span class=\"woocommerce-Price-amount amount\">175.000&nbsp;<span class=\"woocommerce-Price-currencySymbol\">CFA<\/span><\/span><\/del> <span class=\"screen-reader-text\">Original price was: 175.000&nbsp;CFA.<\/span><ins aria-hidden=\"true\"><span class=\"woocommerce-Price-amount amount\">100.000&nbsp;<span class=\"woocommerce-Price-currencySymbol\">CFA<\/span><\/span><\/ins><span class=\"screen-reader-text\">Current price is: 100.000&nbsp;CFA.<\/span><\/span><p class=\"short-description\"><strong>D\u00e9couvrez la deriere tablette de Tankoano Syst\u00e8mes Informatiques : le Neo Tab Pro 2<\/strong>\r\n\r\nDepuis 2019, Tankoano Syst\u00e8mes Informatiques repousse les fronti\u00e8res de l'innovation en concevant et fabriquant des appareils \u00e9lectroniques de pointe en Afrique francophone. Nous sommes fiers de pr\u00e9senter notre dernier n\u00e9 en tablettes; La Neo Tab Pro 2<\/p><div class=\"woo-buttons\"><a data-product_id=\"6511\" data-product_sku=\"3\" aria-label=\"Add to cart: &ldquo;Neo Tab Pro 2&rdquo;\" rel=\"nofollow\" href=\"?add-to-cart=6511\" data-quantity=\"1\" data-widget-id=\"3eda2cf\" class=\"product_type_simple add_to_cart_button ajax_add_to_cart box-button elementor-button elementor-size-xs\">Add to cart<\/a><\/div><\/div><\/div><\/article><article class=\"post visible wrapper post-6505 product type-product status-publish has-post-thumbnail product_cat-phone product_tag-telephone-simple description-off  instock sale taxable shipping-taxable purchasable product-type-simple\"><div class=\"post-content-wrapper\"><div class=\"the7-simple-post-thumb\"><a class=\"product-thumb layzr-bg img-css-resize-wrapper\" aria-label=\"Product image\" href=\"https:\/\/tankoano.net\/?product=t305l\"><img decoding=\"async\" width=\"2560\" height=\"2049\" src=\"data:image\/svg+xml,%3Csvg%20xmlns%3D&#039;http%3A%2F%2Fwww.w3.org%2F2000%2Fsvg&#039;%20viewBox%3D&#039;0%200%202560%202049&#039;%2F%3E\" class=\"attachment-full size-full preload-me aspect lazy lazy-load\" alt=\"\" sizes=\"(max-width: 2560px) 100vw, 2560px\" style=\"--ratio: 2560 \/ 2049;\" data-src=\"https:\/\/tankoano.net\/wp-content\/uploads\/2024\/04\/pict-T305L-scaled.jpg\" loading=\"eager\" data-srcset=\"https:\/\/tankoano.net\/wp-content\/uploads\/2024\/04\/pict-T305L-scaled.jpg 2560w, https:\/\/tankoano.net\/wp-content\/uploads\/2024\/04\/pict-T305L-300x240.jpg 300w, https:\/\/tankoano.net\/wp-content\/uploads\/2024\/04\/pict-T305L-1024x819.jpg 1024w, https:\/\/tankoano.net\/wp-content\/uploads\/2024\/04\/pict-T305L-768x615.jpg 768w, https:\/\/tankoano.net\/wp-content\/uploads\/2024\/04\/pict-T305L-1536x1229.jpg 1536w, https:\/\/tankoano.net\/wp-content\/uploads\/2024\/04\/pict-T305L-2048x1639.jpg 2048w, https:\/\/tankoano.net\/wp-content\/uploads\/2024\/04\/pict-T305L-1320x1056.jpg 1320w, https:\/\/tankoano.net\/wp-content\/uploads\/2024\/04\/pict-T305L-600x480.jpg 600w\" \/><span class=\"the7-hover-icon\"><\/span><\/a><\/div><div class=\"post-entry-content\"><h4 class=\"heading\"><a href=\"https:\/\/tankoano.net\/?product=t305l\" class=\"product-title\">T305L<\/a><\/h4><span class=\"price\"><del aria-hidden=\"true\"><span class=\"woocommerce-Price-amount amount\">10.000&nbsp;<span class=\"woocommerce-Price-currencySymbol\">CFA<\/span><\/span><\/del> <span class=\"screen-reader-text\">Original price was: 10.000&nbsp;CFA.<\/span><ins aria-hidden=\"true\"><span class=\"woocommerce-Price-amount amount\">8.000&nbsp;<span class=\"woocommerce-Price-currencySymbol\">CFA<\/span><\/span><\/ins><span class=\"screen-reader-text\">Current price is: 8.000&nbsp;CFA.<\/span><\/span><p class=\"short-description\"><strong>D\u00e9couvrez le Telephone de chaque jour de Tankoano Syst\u00e8mes Informatiques : le T305L<\/strong>\r\n\r\nDepuis 2019, Tankoano Syst\u00e8mes Informatiques repousse les fronti\u00e8res de l'innovation en concevant et fabriquant des appareils \u00e9lectroniques de pointe en Afrique francophone. Nous sommes fiers de pr\u00e9senter notre dernier n\u00e9 en telephones simples, le T305L<\/p><div class=\"woo-buttons\"><a data-product_id=\"6505\" data-product_sku=\"7\" aria-label=\"Add to cart: &ldquo;T305L&rdquo;\" rel=\"nofollow\" href=\"?add-to-cart=6505\" data-quantity=\"1\" data-widget-id=\"3eda2cf\" class=\"product_type_simple add_to_cart_button ajax_add_to_cart box-button elementor-button elementor-size-xs\">Add to cart<\/a><\/div><\/div><\/div><\/article><article class=\"post visible wrapper post-6417 product type-product status-publish has-post-thumbnail product_cat-smartphone product_tag-phone product_tag-smartphone description-off  instock sale purchasable product-type-simple\"><div class=\"post-content-wrapper\"><div class=\"the7-simple-post-thumb\"><a class=\"product-thumb layzr-bg img-css-resize-wrapper\" aria-label=\"Product image\" href=\"https:\/\/tankoano.net\/?product=neo-phone-pro\"><img decoding=\"async\" width=\"2560\" height=\"2049\" src=\"data:image\/svg+xml,%3Csvg%20xmlns%3D&#039;http%3A%2F%2Fwww.w3.org%2F2000%2Fsvg&#039;%20viewBox%3D&#039;0%200%202560%202049&#039;%2F%3E\" class=\"attachment-full size-full preload-me aspect lazy lazy-load\" alt=\"\" sizes=\"(max-width: 2560px) 100vw, 2560px\" style=\"--ratio: 2560 \/ 2049;\" data-src=\"https:\/\/tankoano.net\/wp-content\/uploads\/2024\/04\/HD-NPP-scaled.jpg\" loading=\"eager\" data-srcset=\"https:\/\/tankoano.net\/wp-content\/uploads\/2024\/04\/HD-NPP-scaled.jpg 2560w, https:\/\/tankoano.net\/wp-content\/uploads\/2024\/04\/HD-NPP-300x240.jpg 300w, https:\/\/tankoano.net\/wp-content\/uploads\/2024\/04\/HD-NPP-1024x819.jpg 1024w, https:\/\/tankoano.net\/wp-content\/uploads\/2024\/04\/HD-NPP-768x615.jpg 768w, https:\/\/tankoano.net\/wp-content\/uploads\/2024\/04\/HD-NPP-1536x1229.jpg 1536w, https:\/\/tankoano.net\/wp-content\/uploads\/2024\/04\/HD-NPP-2048x1639.jpg 2048w, https:\/\/tankoano.net\/wp-content\/uploads\/2024\/04\/HD-NPP-1320x1056.jpg 1320w, https:\/\/tankoano.net\/wp-content\/uploads\/2024\/04\/HD-NPP-600x480.jpg 600w\" \/><span class=\"the7-hover-icon\"><\/span><\/a><\/div><div class=\"post-entry-content\"><h4 class=\"heading\"><a href=\"https:\/\/tankoano.net\/?product=neo-phone-pro\" class=\"product-title\">Neo Phone pro<\/a><\/h4><span class=\"price\"><del aria-hidden=\"true\"><span class=\"woocommerce-Price-amount amount\">100.000&nbsp;<span class=\"woocommerce-Price-currencySymbol\">CFA<\/span><\/span><\/del> <span class=\"screen-reader-text\">Original price was: 100.000&nbsp;CFA.<\/span><ins aria-hidden=\"true\"><span class=\"woocommerce-Price-amount amount\">75.000&nbsp;<span class=\"woocommerce-Price-currencySymbol\">CFA<\/span><\/span><\/ins><span class=\"screen-reader-text\">Current price is: 75.000&nbsp;CFA.<\/span><\/span><p class=\"short-description\"><strong>D\u00e9couvrez le dernier bijou de technologie de Tankoano Syst\u00e8mes Informatiques : le Neo Phone Pro<\/strong>\r\n\r\nDepuis 2019, Tankoano Syst\u00e8mes Informatiques repousse les fronti\u00e8res de l'innovation en concevant et fabriquant des appareils \u00e9lectroniques de pointe en Afrique francophone. Nous sommes fiers de pr\u00e9senter notre dernier n\u00e9, le Neo Phone Pro, une v\u00e9ritable r\u00e9volution dans le monde des smartphones.<\/p><div class=\"woo-buttons\"><a data-product_id=\"6417\" data-product_sku=\"100\" aria-label=\"Add to cart: &ldquo;Neo Phone pro&rdquo;\" rel=\"nofollow\" href=\"?add-to-cart=6417\" data-quantity=\"1\" data-widget-id=\"3eda2cf\" class=\"product_type_simple add_to_cart_button ajax_add_to_cart box-button elementor-button elementor-size-xs\">Add to cart<\/a><\/div><\/div><\/div><\/article><\/div><div class=\"owl-nav disabled\"><a class=\"owl-prev\" role=\"button\"><svg class=\"e-font-icon-svg e-fas-chevron-left\" viewBox=\"0 0 320 512\" xmlns=\"http:\/\/www.w3.org\/2000\/svg\"><path d=\"M34.52 239.03L228.87 44.69c9.37-9.37 24.57-9.37 33.94 0l22.67 22.67c9.36 9.36 9.37 24.52.04 33.9L131.49 256l154.02 154.75c9.34 9.38 9.32 24.54-.04 33.9l-22.67 22.67c-9.37 9.37-24.57 9.37-33.94 0L34.52 272.97c-9.37-9.37-9.37-24.57 0-33.94z\"><\/path><\/svg><\/a><a class=\"owl-next\" role=\"button\"><svg class=\"e-font-icon-svg e-fas-chevron-right\" viewBox=\"0 0 320 512\" xmlns=\"http:\/\/www.w3.org\/2000\/svg\"><path d=\"M285.476 272.971L91.132 467.314c-9.373 9.373-24.569 9.373-33.941 0l-22.667-22.667c-9.357-9.357-9.375-24.522-.04-33.901L188.505 256 34.484 101.255c-9.335-9.379-9.317-24.544.04-33.901l22.667-22.667c9.373-9.373 24.569-9.373 33.941 0L285.475 239.03c9.373 9.372 9.373 24.568.001 33.941z\"><\/path><\/svg><\/a><\/div><\/div>\t\t<\/div>\n\t\t\t\t<\/div>\n\t\t\t\t<\/div>\n\t\t<div class=\"elementor-element elementor-element-009a784 e-con-full e-flex e-con e-child\" data-id=\"009a784\" data-element_type=\"container\">\n\t\t\t\t<\/div>\n\t\t<div class=\"elementor-element elementor-element-3b23c41 e-con-full e-flex e-con e-child\" data-id=\"3b23c41\" data-element_type=\"container\">\n\t\t\t\t<\/div>\n\t\t\t\t\t<\/div>\n\t\t\t\t<\/div>\n\t\t\t\t<\/div>\n\t\t","protected":false},"excerpt":{"rendered":"<p>Login Username or email address&nbsp;* Password&nbsp;* Log in Remember me Lost your password? Dashboard Orders Downloads Addresses Account Details Logout Hello Youmanli (not Youmanli? Log out) From your account dashboard you can view your recent orders, manage your shipping and billing addresses, and edit your password and account details. Neo Phone pro 100.000&nbsp;CFA 75.000&nbsp;CFA D\u00e9couvrez&hellip;<\/p>\n","protected":false},"author":1,"featured_media":0,"parent":0,"menu_order":0,"comment_status":"closed","ping_status":"closed","template":"","meta":{"footnotes":""},"class_list":["post-6373","page","type-page","status-publish","hentry","description-off"],"jetpack_sharing_enabled":true,"_links":{"self":[{"href":"https:\/\/tankoano.net\/index.php?rest_route=\/wp\/v2\/pages\/6373","targetHints":{"allow":["GET"]}}],"collection":[{"href":"https:\/\/tankoano.net\/index.php?rest_route=\/wp\/v2\/pages"}],"about":[{"href":"https:\/\/tankoano.net\/index.php?rest_route=\/wp\/v2\/types\/page"}],"author":[{"embeddable":true,"href":"https:\/\/tankoano.net\/index.php?rest_route=\/wp\/v2\/users\/1"}],"replies":[{"embeddable":true,"href":"https:\/\/tankoano.net\/index.php?rest_route=%2Fwp%2Fv2%2Fcomments&post=6373"}],"version-history":[{"count":13,"href":"https:\/\/tankoano.net\/index.php?rest_route=\/wp\/v2\/pages\/6373\/revisions"}],"predecessor-version":[{"id":6492,"href":"https:\/\/tankoano.net\/index.php?rest_route=\/wp\/v2\/pages\/6373\/revisions\/6492"}],"wp:attachment":[{"href":"https:\/\/tankoano.net\/index.php?rest_route=%2Fwp%2Fv2%2Fmedia&parent=6373"}],"curies":[{"name":"wp","href":"https:\/\/api.w.org\/{rel}","templated":true}]}}